{"id":2284,"date":"2025-12-19T11:51:46","date_gmt":"2025-12-19T04:51:46","guid":{"rendered":"https:\/\/solalike.com\/?page_id=2284"},"modified":"2025-12-19T11:55:22","modified_gmt":"2025-12-19T04:55:22","slug":"news","status":"publish","type":"page","link":"https:\/\/solalike.com\/vi\/news\/","title":{"rendered":"Tin m\u1edbi"},"content":{"rendered":"<div class=\"wp-block-uagb-post-grid uagb-post-grid  uagb-post__image-position-top uagb-post__image-enabled uagb-block-a3c82d6f     uagb-post__items uagb-post__columns-3 is-grid uagb-post__columns-tablet-2 uagb-post__columns-mobile-1 uagb-post__equal-height\" data-total=\"1\" style=\"\">\n\n\t\t\t\t\t\t\t\t\t\t\t\t<article class=\"uagb-post__inner-wrap\">\t\t\t\t\t\t\t\t<div class='uagb-post__image'>\n\t\t\t\t\t\t\t\t\t<a href=\"https:\/\/solalike.com\/vi\/sales-executive-recruitment\/\" target=\"_self\" rel=\"bookmark noopener noreferrer\" class='uagb-image-ratio-inherit'><img fetchpriority=\"high\" decoding=\"async\" width=\"1024\" height=\"1024\" src=\"https:\/\/solalike.com\/wp-content\/uploads\/2025\/12\/Hiring-1024x1024.png\" class=\"attachment-large size-large\" alt=\"\" srcset=\"https:\/\/solalike.com\/wp-content\/uploads\/2025\/12\/Hiring-1024x1024.png 1024w, https:\/\/solalike.com\/wp-content\/uploads\/2025\/12\/Hiring-600x600.png 600w, https:\/\/solalike.com\/wp-content\/uploads\/2025\/12\/Hiring-300x300.png 300w, https:\/\/solalike.com\/wp-content\/uploads\/2025\/12\/Hiring-768x768.png 768w, https:\/\/solalike.com\/wp-content\/uploads\/2025\/12\/Hiring-12x12.png 12w, https:\/\/solalike.com\/wp-content\/uploads\/2025\/12\/Hiring-100x100.png 100w, https:\/\/solalike.com\/wp-content\/uploads\/2025\/12\/Hiring.png 1080w\" sizes=\"(max-width: 1024px) 100vw, 1024px\" \/>\t\t\t\t\t<\/a>\n\t\t\t\t\t\t\t<\/div>\n\t\t\t\t\t\t<h4 class=\"uagb-post__title uagb-post__text\">\n\t\t\t\t<a href=\"https:\/\/solalike.com\/vi\/sales-executive-recruitment\/\" target=\"_self\" rel=\"bookmark noopener noreferrer\">Tuy\u1ec3n d\u1ee5ng Nh\u00e2n vi\u00ean kinh doanh<\/a>\n\t\t\t<\/h4>\n\t\t\t\t\t\t<div class='uagb-post__text uagb-post-grid-byline'>\n\t\t\t\t\t\t\t\t<time datetime=\"2025-12-25T16:38:57+07:00\" class=\"uagb-post__date\">\n\t\t\t\t<span class=\"dashicons-calendar dashicons\"><\/span>\t\t\t\t\tTh\u00e1ng 12 25, 2025\t\t\t\t<\/time>\n\t\t\t\t\t\t\t<span class=\"uagb-post__comment\">\n\t\t\t\t<span class=\"dashicons-admin-comments dashicons\"><\/span>\t\t\t\t\tKh\u00f4ng c\u00f3 b\u00ecnh lu\u1eadn\t\t\t\t<\/span>\n\t\t\t\t\t\t<\/div>\n\t\t\t\t\t\t\t<div class='uagb-post__text uagb-post__excerpt'>\n\t\t\t\t\t<p>JOB DESCRIPTIONNumber of vacancies: 06Work location: AISEN VIET NAM Co., Ltd. (An Khanh Ward, Ho&#8230;\t\t\t\t<\/div>\n\t\t\t\t\t\t<div class=\"uagb-post__text uagb-post__cta wp-block-button\">\n\t\t\t\t<a class=\"wp-block-button__link uagb-text-link\" style=\"\" href=\"https:\/\/solalike.com\/vi\/sales-executive-recruitment\/\" target=\"_self\" rel=\"bookmark noopener noreferrer\">Read More<\/a>\n\t\t\t<\/div>\n\t\t\t\n\t\t\t\t\t\t\t\t\t<\/article>\n\t\t\t\t\t\t\t\t\t\t\t\t\t\t\t\t<article class=\"uagb-post__inner-wrap\">\t\t\t\t\t\t\t\t<div class='uagb-post__image'>\n\t\t\t\t\t\t\t\t\t<a href=\"https:\/\/solalike.com\/vi\/hoenergys-newest-product-the-d-cube-h-pv-ess-cabinet-goes-live\/\" target=\"_self\" rel=\"bookmark noopener noreferrer\" class='uagb-image-ratio-inherit'><img decoding=\"async\" width=\"1024\" height=\"576\" src=\"https:\/\/solalike.com\/wp-content\/uploads\/2025\/12\/20231017115626_47925-1024x576.jpg\" class=\"attachment-large size-large\" alt=\"\" srcset=\"https:\/\/solalike.com\/wp-content\/uploads\/2025\/12\/20231017115626_47925-1024x576.jpg 1024w, https:\/\/solalike.com\/wp-content\/uploads\/2025\/12\/20231017115626_47925-600x338.jpg 600w, https:\/\/solalike.com\/wp-content\/uploads\/2025\/12\/20231017115626_47925-768x432.jpg 768w, https:\/\/solalike.com\/wp-content\/uploads\/2025\/12\/20231017115626_47925-18x10.jpg 18w, https:\/\/solalike.com\/wp-content\/uploads\/2025\/12\/20231017115626_47925.jpg 1200w\" sizes=\"(max-width: 1024px) 100vw, 1024px\" \/>\t\t\t\t\t<\/a>\n\t\t\t\t\t\t\t<\/div>\n\t\t\t\t\t\t<h4 class=\"uagb-post__title uagb-post__text\">\n\t\t\t\t<a href=\"https:\/\/solalike.com\/vi\/hoenergys-newest-product-the-d-cube-h-pv-ess-cabinet-goes-live\/\" target=\"_self\" rel=\"bookmark noopener noreferrer\">Hoenergy\u2019s newest product, the D-Cube H PV ESS Cabinet, goes live!<\/a>\n\t\t\t<\/h4>\n\t\t\t\t\t\t<div class='uagb-post__text uagb-post-grid-byline'>\n\t\t\t\t\t\t\t\t<time datetime=\"2025-12-19T11:33:55+07:00\" class=\"uagb-post__date\">\n\t\t\t\t<span class=\"dashicons-calendar dashicons\"><\/span>\t\t\t\t\tTh\u00e1ng 12 19, 2025\t\t\t\t<\/time>\n\t\t\t\t\t\t\t<span class=\"uagb-post__comment\">\n\t\t\t\t<span class=\"dashicons-admin-comments dashicons\"><\/span>\t\t\t\t\tKh\u00f4ng c\u00f3 b\u00ecnh lu\u1eadn\t\t\t\t<\/span>\n\t\t\t\t\t\t<\/div>\n\t\t\t\t\t\t\t<div class='uagb-post__text uagb-post__excerpt'>\n\t\t\t\t\t<p>In recent years, under the trend of increasing global energy tension and carbon reduction, the&#8230;\t\t\t\t<\/div>\n\t\t\t\t\t\t<div class=\"uagb-post__text uagb-post__cta wp-block-button\">\n\t\t\t\t<a class=\"wp-block-button__link uagb-text-link\" style=\"\" href=\"https:\/\/solalike.com\/vi\/hoenergys-newest-product-the-d-cube-h-pv-ess-cabinet-goes-live\/\" target=\"_self\" rel=\"bookmark noopener noreferrer\">Read More<\/a>\n\t\t\t<\/div>\n\t\t\t\n\t\t\t\t\t\t\t\t\t<\/article>\n\t\t\t\t\t\t\t\t\t\t\t<\/div>","protected":false},"excerpt":{"rendered":"","protected":false},"author":1,"featured_media":0,"parent":0,"menu_order":0,"comment_status":"closed","ping_status":"closed","template":"","meta":{"_uag_custom_page_level_css":"","site-sidebar-layout":"default","site-content-layout":"","ast-site-content-layout":"default","site-content-style":"default","site-sidebar-style":"default","ast-global-header-display":"","ast-banner-title-visibility":"","ast-main-header-display":"","ast-hfb-above-header-display":"","ast-hfb-below-header-display":"","ast-hfb-mobile-header-display":"","site-post-title":"","ast-breadcrumbs-content":"","ast-featured-img":"","footer-sml-layout":"","ast-disable-related-posts":"","theme-transparent-header-meta":"","adv-header-id-meta":"","stick-header-meta":"","header-above-stick-meta":"","header-main-stick-meta":"","header-below-stick-meta":"","astra-migrate-meta-layouts":"set","ast-page-background-enabled":"default","ast-page-background-meta":{"desktop":{"background-color":"","background-image":"","background-repeat":"repeat","background-position":"center center","background-size":"auto","background-attachment":"scroll","background-type":"","background-media":"","overlay-type":"","overlay-color":"","overlay-opacity":"","overlay-gradient":""},"tablet":{"background-color":"","background-image":"","background-repeat":"repeat","background-position":"center center","background-size":"auto","background-attachment":"scroll","background-type":"","background-media":"","overlay-type":"","overlay-color":"","overlay-opacity":"","overlay-gradient":""},"mobile":{"background-color":"","background-image":"","background-repeat":"repeat","background-position":"center center","background-size":"auto","background-attachment":"scroll","background-type":"","background-media":"","overlay-type":"","overlay-color":"","overlay-opacity":"","overlay-gradient":""}},"ast-content-background-meta":{"desktop":{"background-color":"var(--ast-global-color-5)","background-image":"","background-repeat":"repeat","background-position":"center center","background-size":"auto","background-attachment":"scroll","background-type":"","background-media":"","overlay-type":"","overlay-color":"","overlay-opacity":"","overlay-gradient":""},"tablet":{"background-color":"var(--ast-global-color-5)","background-image":"","background-repeat":"repeat","background-position":"center center","background-size":"auto","background-attachment":"scroll","background-type":"","background-media":"","overlay-type":"","overlay-color":"","overlay-opacity":"","overlay-gradient":""},"mobile":{"background-color":"var(--ast-global-color-5)","background-image":"","background-repeat":"repeat","background-position":"center center","background-size":"auto","background-attachment":"scroll","background-type":"","background-media":"","overlay-type":"","overlay-color":"","overlay-opacity":"","overlay-gradient":""}},"footnotes":""},"class_list":["post-2284","page","type-page","status-publish","hentry"],"yoast_head":"<!-- This site is optimized with the Yoast SEO plugin v27.5 - https:\/\/yoast.com\/product\/yoast-seo-wordpress\/ -->\n<title>News - Solalike<\/title>\n<meta name=\"description\" content=\"Stay updated with the latest news, projects, and insights on energy storage solutions, BESS technology, and smart power systems from Hoenergy\" \/>\n<meta name=\"robots\" content=\"index, follow, max-snippet:-1, max-image-preview:large, max-video-preview:-1\" \/>\n<link rel=\"canonical\" href=\"https:\/\/solalike.com\/vi\/news\/\" \/>\n<meta property=\"og:locale\" content=\"vi_VN\" \/>\n<meta property=\"og:type\" content=\"article\" \/>\n<meta property=\"og:title\" content=\"News - Solalike\" \/>\n<meta property=\"og:description\" content=\"Stay updated with the latest news, projects, and insights on energy storage solutions, BESS technology, and smart power systems from Hoenergy\" \/>\n<meta property=\"og:url\" content=\"https:\/\/solalike.com\/vi\/news\/\" \/>\n<meta property=\"og:site_name\" content=\"Solalike\" \/>\n<meta property=\"article:modified_time\" content=\"2025-12-19T04:55:22+00:00\" \/>\n<meta name=\"twitter:card\" content=\"summary_large_image\" \/>\n<script type=\"application\/ld+json\" class=\"yoast-schema-graph\">{\"@context\":\"https:\\\/\\\/schema.org\",\"@graph\":[{\"@type\":\"WebPage\",\"@id\":\"https:\\\/\\\/solalike.com\\\/news\\\/\",\"url\":\"https:\\\/\\\/solalike.com\\\/news\\\/\",\"name\":\"News - Solalike\",\"isPartOf\":{\"@id\":\"https:\\\/\\\/solalike.com\\\/#website\"},\"datePublished\":\"2025-12-19T04:51:46+00:00\",\"dateModified\":\"2025-12-19T04:55:22+00:00\",\"description\":\"Stay updated with the latest news, projects, and insights on energy storage solutions, BESS technology, and smart power systems from Hoenergy\",\"breadcrumb\":{\"@id\":\"https:\\\/\\\/solalike.com\\\/news\\\/#breadcrumb\"},\"inLanguage\":\"vi\",\"potentialAction\":[{\"@type\":\"ReadAction\",\"target\":[\"https:\\\/\\\/solalike.com\\\/news\\\/\"]}]},{\"@type\":\"BreadcrumbList\",\"@id\":\"https:\\\/\\\/solalike.com\\\/news\\\/#breadcrumb\",\"itemListElement\":[{\"@type\":\"ListItem\",\"position\":1,\"name\":\"Home\",\"item\":\"https:\\\/\\\/solalike.com\\\/\"},{\"@type\":\"ListItem\",\"position\":2,\"name\":\"News\"}]},{\"@type\":\"WebSite\",\"@id\":\"https:\\\/\\\/solalike.com\\\/#website\",\"url\":\"https:\\\/\\\/solalike.com\\\/\",\"name\":\"Solalike\",\"description\":\"Optimal energy solutions\",\"publisher\":{\"@id\":\"https:\\\/\\\/solalike.com\\\/#organization\"},\"potentialAction\":[{\"@type\":\"SearchAction\",\"target\":{\"@type\":\"EntryPoint\",\"urlTemplate\":\"https:\\\/\\\/solalike.com\\\/?s={search_term_string}\"},\"query-input\":{\"@type\":\"PropertyValueSpecification\",\"valueRequired\":true,\"valueName\":\"search_term_string\"}}],\"inLanguage\":\"vi\"},{\"@type\":\"Organization\",\"@id\":\"https:\\\/\\\/solalike.com\\\/#organization\",\"name\":\"Solalike\",\"url\":\"https:\\\/\\\/solalike.com\\\/\",\"logo\":{\"@type\":\"ImageObject\",\"inLanguage\":\"vi\",\"@id\":\"https:\\\/\\\/solalike.com\\\/#\\\/schema\\\/logo\\\/image\\\/\",\"url\":\"https:\\\/\\\/solalike.com\\\/wp-content\\\/uploads\\\/2025\\\/10\\\/cropped-Logo-no-slogan.png\",\"contentUrl\":\"https:\\\/\\\/solalike.com\\\/wp-content\\\/uploads\\\/2025\\\/10\\\/cropped-Logo-no-slogan.png\",\"width\":555,\"height\":322,\"caption\":\"Solalike\"},\"image\":{\"@id\":\"https:\\\/\\\/solalike.com\\\/#\\\/schema\\\/logo\\\/image\\\/\"}}]}<\/script>\n<!-- \/ Yoast SEO plugin. -->","yoast_head_json":{"title":"News - Solalike","description":"Stay updated with the latest news, projects, and insights on energy storage solutions, BESS technology, and smart power systems from Hoenergy","robots":{"index":"index","follow":"follow","max-snippet":"max-snippet:-1","max-image-preview":"max-image-preview:large","max-video-preview":"max-video-preview:-1"},"canonical":"https:\/\/solalike.com\/vi\/news\/","og_locale":"vi_VN","og_type":"article","og_title":"News - Solalike","og_description":"Stay updated with the latest news, projects, and insights on energy storage solutions, BESS technology, and smart power systems from Hoenergy","og_url":"https:\/\/solalike.com\/vi\/news\/","og_site_name":"Solalike","article_modified_time":"2025-12-19T04:55:22+00:00","twitter_card":"summary_large_image","schema":{"@context":"https:\/\/schema.org","@graph":[{"@type":"WebPage","@id":"https:\/\/solalike.com\/news\/","url":"https:\/\/solalike.com\/news\/","name":"News - Solalike","isPartOf":{"@id":"https:\/\/solalike.com\/#website"},"datePublished":"2025-12-19T04:51:46+00:00","dateModified":"2025-12-19T04:55:22+00:00","description":"Stay updated with the latest news, projects, and insights on energy storage solutions, BESS technology, and smart power systems from Hoenergy","breadcrumb":{"@id":"https:\/\/solalike.com\/news\/#breadcrumb"},"inLanguage":"vi","potentialAction":[{"@type":"ReadAction","target":["https:\/\/solalike.com\/news\/"]}]},{"@type":"BreadcrumbList","@id":"https:\/\/solalike.com\/news\/#breadcrumb","itemListElement":[{"@type":"ListItem","position":1,"name":"Home","item":"https:\/\/solalike.com\/"},{"@type":"ListItem","position":2,"name":"News"}]},{"@type":"WebSite","@id":"https:\/\/solalike.com\/#website","url":"https:\/\/solalike.com\/","name":"Solalike","description":"Optimal energy solutions","publisher":{"@id":"https:\/\/solalike.com\/#organization"},"potentialAction":[{"@type":"SearchAction","target":{"@type":"EntryPoint","urlTemplate":"https:\/\/solalike.com\/?s={search_term_string}"},"query-input":{"@type":"PropertyValueSpecification","valueRequired":true,"valueName":"search_term_string"}}],"inLanguage":"vi"},{"@type":"Organization","@id":"https:\/\/solalike.com\/#organization","name":"Solalike","url":"https:\/\/solalike.com\/","logo":{"@type":"ImageObject","inLanguage":"vi","@id":"https:\/\/solalike.com\/#\/schema\/logo\/image\/","url":"https:\/\/solalike.com\/wp-content\/uploads\/2025\/10\/cropped-Logo-no-slogan.png","contentUrl":"https:\/\/solalike.com\/wp-content\/uploads\/2025\/10\/cropped-Logo-no-slogan.png","width":555,"height":322,"caption":"Solalike"},"image":{"@id":"https:\/\/solalike.com\/#\/schema\/logo\/image\/"}}]}},"uagb_featured_image_src":{"full":false,"thumbnail":false,"medium":false,"medium_large":false,"large":false,"1536x1536":false,"2048x2048":false,"trp-custom-language-flag":false,"woocommerce_thumbnail":false,"woocommerce_single":false,"woocommerce_gallery_thumbnail":false},"uagb_author_info":{"display_name":"admin","author_link":"https:\/\/solalike.com\/vi\/author\/aisenadm\/"},"uagb_comment_info":0,"uagb_excerpt":null,"_links":{"self":[{"href":"https:\/\/solalike.com\/vi\/wp-json\/wp\/v2\/pages\/2284","targetHints":{"allow":["GET"]}}],"collection":[{"href":"https:\/\/solalike.com\/vi\/wp-json\/wp\/v2\/pages"}],"about":[{"href":"https:\/\/solalike.com\/vi\/wp-json\/wp\/v2\/types\/page"}],"author":[{"embeddable":true,"href":"https:\/\/solalike.com\/vi\/wp-json\/wp\/v2\/users\/1"}],"replies":[{"embeddable":true,"href":"https:\/\/solalike.com\/vi\/wp-json\/wp\/v2\/comments?post=2284"}],"version-history":[{"count":1,"href":"https:\/\/solalike.com\/vi\/wp-json\/wp\/v2\/pages\/2284\/revisions"}],"predecessor-version":[{"id":2285,"href":"https:\/\/solalike.com\/vi\/wp-json\/wp\/v2\/pages\/2284\/revisions\/2285"}],"wp:attachment":[{"href":"https:\/\/solalike.com\/vi\/wp-json\/wp\/v2\/media?parent=2284"}],"curies":[{"name":"wp","href":"https:\/\/api.w.org\/{rel}","templated":true}]}}